{"id":511,"date":"2023-06-12T08:22:29","date_gmt":"2023-06-12T06:22:29","guid":{"rendered":"https:\/\/www.neuwerker-gilde.de\/?page_id=511"},"modified":"2023-06-12T08:22:31","modified_gmt":"2023-06-12T06:22:31","slug":"gildejahr-2023","status":"publish","type":"page","link":"https:\/\/www.neuwerker-gilde.de\/index.php\/gildejahr-2023\/","title":{"rendered":"Gildejahr 2023"},"content":{"rendered":"\n<p><\/p>\n\n\n\n<p class=\"has-small-font-size\">Liebe Gildeschwestern, liebe Gildebr\u00fcder,<\/p>\n\n\n\n<p class=\"has-small-font-size\">und wir haben einen neuen, w\u00fcrdigen K\u00f6nig<\/p>\n\n\n\n<p class=\"has-large-font-size\"><strong>Peter Raub &#8222;Peter der Sportliche&#8220;<\/strong><\/p>\n\n\n\n<p class=\"has-small-font-size\">Ihm zur Seite steht seine liebreizende <strong>K\u00f6nigin Gisela<\/strong><br><br>Begleitet werden sie\u00a0in ihrem K\u00f6nigsjahr\u00a0durch den<\/p>\n\n\n\n<h3 class=\"wp-block-heading\">Marschall Dietrich Schaeper<\/h3>\n\n\n\n<p>Auf ein sch\u00f6nes Gildejahr 2023\/24<\/p>\n\n\n\n<figure class=\"wp-block-image size-large\"><img loading=\"lazy\" decoding=\"async\" width=\"1024\" height=\"389\" src=\"https:\/\/www.neuwerker-gilde.de\/wp-content\/uploads\/2023\/06\/2023-06-05_Proglamation-1024x389.jpeg\" alt=\"\" class=\"wp-image-514\" srcset=\"https:\/\/www.neuwerker-gilde.de\/wp-content\/uploads\/2023\/06\/2023-06-05_Proglamation-1024x389.jpeg 1024w, https:\/\/www.neuwerker-gilde.de\/wp-content\/uploads\/2023\/06\/2023-06-05_Proglamation-980x372.jpeg 980w, https:\/\/www.neuwerker-gilde.de\/wp-content\/uploads\/2023\/06\/2023-06-05_Proglamation-400x152.jpeg 400w, https:\/\/www.neuwerker-gilde.de\/wp-content\/uploads\/2023\/06\/2023-06-05_Proglamation-768x291.jpeg 768w, https:\/\/www.neuwerker-gilde.de\/wp-content\/uploads\/2023\/06\/2023-06-05_Proglamation-260x99.jpeg 260w, https:\/\/www.neuwerker-gilde.de\/wp-content\/uploads\/2023\/06\/2023-06-05_Proglamation-50x19.jpeg 50w, https:\/\/www.neuwerker-gilde.de\/wp-content\/uploads\/2023\/06\/2023-06-05_Proglamation-150x57.jpeg 150w, https:\/\/www.neuwerker-gilde.de\/wp-content\/uploads\/2023\/06\/2023-06-05_Proglamation.jpeg 1270w\" sizes=\"auto, (max-width:767px) 480px, (max-width:1024px) 100vw, 1024px\" \/><\/figure>\n\n\n\n<p><\/p>\n","protected":false},"excerpt":{"rendered":"<p>Liebe Gildeschwestern, liebe Gildebr\u00fcder, und wir haben einen neuen, w\u00fcrdigen K\u00f6nig Peter Raub &#8222;Peter der Sportliche&#8220; Ihm zur Seite steht seine liebreizende K\u00f6nigin Gisela Begleitet werden<span class=\"excerpt-hellip\"> [\u2026]<\/span><\/p>\n","protected":false},"author":4,"featured_media":0,"parent":0,"menu_order":0,"comment_status":"closed","ping_status":"closed","template":"","meta":{"footnotes":""},"class_list":["post-511","page","type-page","status-publish","hentry"],"_links":{"self":[{"href":"https:\/\/www.neuwerker-gilde.de\/index.php\/wp-json\/wp\/v2\/pages\/511","targetHints":{"allow":["GET"]}}],"collection":[{"href":"https:\/\/www.neuwerker-gilde.de\/index.php\/wp-json\/wp\/v2\/pages"}],"about":[{"href":"https:\/\/www.neuwerker-gilde.de\/index.php\/wp-json\/wp\/v2\/types\/page"}],"author":[{"embeddable":true,"href":"https:\/\/www.neuwerker-gilde.de\/index.php\/wp-json\/wp\/v2\/users\/4"}],"replies":[{"embeddable":true,"href":"https:\/\/www.neuwerker-gilde.de\/index.php\/wp-json\/wp\/v2\/comments?post=511"}],"version-history":[{"count":0,"href":"https:\/\/www.neuwerker-gilde.de\/index.php\/wp-json\/wp\/v2\/pages\/511\/revisions"}],"wp:attachment":[{"href":"https:\/\/www.neuwerker-gilde.de\/index.php\/wp-json\/wp\/v2\/media?parent=511"}],"curies":[{"name":"wp","href":"https:\/\/api.w.org\/{rel}","templated":true}]}}