{"id":545,"date":"2024-01-03T15:52:59","date_gmt":"2024-01-03T14:52:59","guid":{"rendered":"https:\/\/www.neuwerker-gilde.de\/?page_id=545"},"modified":"2024-05-29T07:47:00","modified_gmt":"2024-05-29T05:47:00","slug":"gildejahr-2024","status":"publish","type":"page","link":"https:\/\/www.neuwerker-gilde.de\/index.php\/gildejahr-2024\/","title":{"rendered":"Gildejahr 2024"},"content":{"rendered":"\n<figure class=\"wp-block-image size-large\"><img loading=\"lazy\" decoding=\"async\" width=\"1024\" height=\"768\" src=\"https:\/\/www.neuwerker-gilde.de\/wp-content\/uploads\/2024\/05\/Koenig2024-1-1024x768.jpg\" alt=\"\" class=\"wp-image-580\" srcset=\"https:\/\/www.neuwerker-gilde.de\/wp-content\/uploads\/2024\/05\/Koenig2024-1-1024x768.jpg 1024w, https:\/\/www.neuwerker-gilde.de\/wp-content\/uploads\/2024\/05\/Koenig2024-1-980x735.jpg 980w, https:\/\/www.neuwerker-gilde.de\/wp-content\/uploads\/2024\/05\/Koenig2024-1-400x300.jpg 400w, https:\/\/www.neuwerker-gilde.de\/wp-content\/uploads\/2024\/05\/Koenig2024-1-768x576.jpg 768w, https:\/\/www.neuwerker-gilde.de\/wp-content\/uploads\/2024\/05\/Koenig2024-1-1536x1152.jpg 1536w, https:\/\/www.neuwerker-gilde.de\/wp-content\/uploads\/2024\/05\/Koenig2024-1-2048x1536.jpg 2048w, https:\/\/www.neuwerker-gilde.de\/wp-content\/uploads\/2024\/05\/Koenig2024-1-195x146.jpg 195w, https:\/\/www.neuwerker-gilde.de\/wp-content\/uploads\/2024\/05\/Koenig2024-1-50x38.jpg 50w, https:\/\/www.neuwerker-gilde.de\/wp-content\/uploads\/2024\/05\/Koenig2024-1-100x75.jpg 100w\" sizes=\"auto, (max-width:767px) 480px, (max-width:1024px) 100vw, 1024px\" \/><\/figure>\n\n\n\n<p><\/p>\n\n\n\n<p>Liebe Gildeschwestern, liebe Gildebr\u00fcder,<\/p>\n\n\n\n<p>und wir haben einen neuen, w\u00fcrdigen K\u00f6nig<\/p>\n\n\n\n<p><strong>Carsten Suhr  \u201eCarsten der Zuverl\u00e4ssige\u201c<\/strong><\/p>\n\n\n\n<p>Ihm zur Seite steht seine liebreizende&nbsp;<strong>K\u00f6nigin Tanja<\/strong><br><br>Begleitet werden sie&nbsp;in ihrem K\u00f6nigsjahr&nbsp;durch den<\/p>\n\n\n\n<h4 class=\"wp-block-heading\">Marschall Martin Krause<\/h4>\n\n\n\n<p>Auf ein sch\u00f6nes Gildejahr 2024\/25<\/p>\n","protected":false},"excerpt":{"rendered":"<p>Liebe Gildeschwestern, liebe Gildebr\u00fcder, und wir haben einen neuen, w\u00fcrdigen K\u00f6nig Carsten Suhr \u201eCarsten der Zuverl\u00e4ssige\u201c Ihm zur Seite steht seine liebreizende&nbsp;K\u00f6nigin Tanja Begleitet werden sie&nbsp;in<span class=\"excerpt-hellip\"> [\u2026]<\/span><\/p>\n","protected":false},"author":4,"featured_media":0,"parent":0,"menu_order":0,"comment_status":"closed","ping_status":"closed","template":"","meta":{"footnotes":""},"class_list":["post-545","page","type-page","status-publish","hentry"],"_links":{"self":[{"href":"https:\/\/www.neuwerker-gilde.de\/index.php\/wp-json\/wp\/v2\/pages\/545","targetHints":{"allow":["GET"]}}],"collection":[{"href":"https:\/\/www.neuwerker-gilde.de\/index.php\/wp-json\/wp\/v2\/pages"}],"about":[{"href":"https:\/\/www.neuwerker-gilde.de\/index.php\/wp-json\/wp\/v2\/types\/page"}],"author":[{"embeddable":true,"href":"https:\/\/www.neuwerker-gilde.de\/index.php\/wp-json\/wp\/v2\/users\/4"}],"replies":[{"embeddable":true,"href":"https:\/\/www.neuwerker-gilde.de\/index.php\/wp-json\/wp\/v2\/comments?post=545"}],"version-history":[{"count":0,"href":"https:\/\/www.neuwerker-gilde.de\/index.php\/wp-json\/wp\/v2\/pages\/545\/revisions"}],"wp:attachment":[{"href":"https:\/\/www.neuwerker-gilde.de\/index.php\/wp-json\/wp\/v2\/media?parent=545"}],"curies":[{"name":"wp","href":"https:\/\/api.w.org\/{rel}","templated":true}]}}