{"id":647,"date":"2025-07-23T12:50:45","date_gmt":"2025-07-23T10:50:45","guid":{"rendered":"https:\/\/www.neuwerker-gilde.de\/?page_id=647"},"modified":"2025-07-23T12:50:45","modified_gmt":"2025-07-23T10:50:45","slug":"gildejahr-2025","status":"publish","type":"page","link":"https:\/\/www.neuwerker-gilde.de\/index.php\/gildejahr-2025\/","title":{"rendered":"Gildejahr 2025"},"content":{"rendered":"\n<figure class=\"wp-block-image size-large is-resized\"><img loading=\"lazy\" decoding=\"async\" width=\"1024\" height=\"1365\" src=\"https:\/\/www.neuwerker-gilde.de\/wp-content\/uploads\/2025\/07\/Koenig_Marshal_Proglamation-1024x1365.jpg\" alt=\"\" class=\"wp-image-649\" style=\"width:651px;height:auto\" srcset=\"https:\/\/www.neuwerker-gilde.de\/wp-content\/uploads\/2025\/07\/Koenig_Marshal_Proglamation-1024x1365.jpg 1024w, https:\/\/www.neuwerker-gilde.de\/wp-content\/uploads\/2025\/07\/Koenig_Marshal_Proglamation-980x1307.jpg 980w, https:\/\/www.neuwerker-gilde.de\/wp-content\/uploads\/2025\/07\/Koenig_Marshal_Proglamation-400x533.jpg 400w, https:\/\/www.neuwerker-gilde.de\/wp-content\/uploads\/2025\/07\/Koenig_Marshal_Proglamation-768x1024.jpg 768w, https:\/\/www.neuwerker-gilde.de\/wp-content\/uploads\/2025\/07\/Koenig_Marshal_Proglamation-1152x1536.jpg 1152w, https:\/\/www.neuwerker-gilde.de\/wp-content\/uploads\/2025\/07\/Koenig_Marshal_Proglamation-56x75.jpg 56w, https:\/\/www.neuwerker-gilde.de\/wp-content\/uploads\/2025\/07\/Koenig_Marshal_Proglamation-480x640.jpg 480w, https:\/\/www.neuwerker-gilde.de\/wp-content\/uploads\/2025\/07\/Koenig_Marshal_Proglamation.jpg 1200w\" sizes=\"auto, (max-width:767px) 480px, (max-width:1024px) 100vw, 1024px\" \/><\/figure>\n\n\n\n<p>Liebe Gildeschwestern, liebe Gildebr\u00fcder,<\/p>\n\n\n\n<p>und wir haben einen neuen, w\u00fcrdigen K\u00f6nig<\/p>\n\n\n\n<p><strong>Jan Homfeld  \u201eJan der Kreativee\u201c<\/strong><\/p>\n\n\n\n<p>Ihm zur Seite steht seine liebreizende\u00a0<strong>K\u00f6nigin Melanie<\/strong><br><br>Begleitet werden sie\u00a0in ihrem K\u00f6nigsjahr\u00a0durch den<\/p>\n\n\n\n<h4 class=\"wp-block-heading\">Marschall Niko Pavlovic<\/h4>\n\n\n\n<p>Auf ein sch\u00f6nes Gildejahr 2025\/26<\/p>\n","protected":false},"excerpt":{"rendered":"<p>Liebe Gildeschwestern, liebe Gildebr\u00fcder, und wir haben einen neuen, w\u00fcrdigen K\u00f6nig Jan Homfeld \u201eJan der Kreativee\u201c Ihm zur Seite steht seine liebreizende\u00a0K\u00f6nigin Melanie Begleitet werden sie\u00a0in<span class=\"excerpt-hellip\"> [\u2026]<\/span><\/p>\n","protected":false},"author":4,"featured_media":0,"parent":0,"menu_order":0,"comment_status":"closed","ping_status":"closed","template":"","meta":{"footnotes":""},"class_list":["post-647","page","type-page","status-publish","hentry"],"_links":{"self":[{"href":"https:\/\/www.neuwerker-gilde.de\/index.php\/wp-json\/wp\/v2\/pages\/647","targetHints":{"allow":["GET"]}}],"collection":[{"href":"https:\/\/www.neuwerker-gilde.de\/index.php\/wp-json\/wp\/v2\/pages"}],"about":[{"href":"https:\/\/www.neuwerker-gilde.de\/index.php\/wp-json\/wp\/v2\/types\/page"}],"author":[{"embeddable":true,"href":"https:\/\/www.neuwerker-gilde.de\/index.php\/wp-json\/wp\/v2\/users\/4"}],"replies":[{"embeddable":true,"href":"https:\/\/www.neuwerker-gilde.de\/index.php\/wp-json\/wp\/v2\/comments?post=647"}],"version-history":[{"count":2,"href":"https:\/\/www.neuwerker-gilde.de\/index.php\/wp-json\/wp\/v2\/pages\/647\/revisions"}],"predecessor-version":[{"id":650,"href":"https:\/\/www.neuwerker-gilde.de\/index.php\/wp-json\/wp\/v2\/pages\/647\/revisions\/650"}],"wp:attachment":[{"href":"https:\/\/www.neuwerker-gilde.de\/index.php\/wp-json\/wp\/v2\/media?parent=647"}],"curies":[{"name":"wp","href":"https:\/\/api.w.org\/{rel}","templated":true}]}}